{"id":1829,"date":"2025-02-09T15:04:29","date_gmt":"2025-02-09T14:04:29","guid":{"rendered":"https:\/\/kovarskesympozium.cz\/verarbeitung-personenbezogener-daten\/"},"modified":"2025-12-04T11:33:48","modified_gmt":"2025-12-04T10:33:48","slug":"verarbeitung-personenbezogener-daten","status":"publish","type":"page","link":"https:\/\/kovarskesympozium.cz\/de\/verarbeitung-personenbezogener-daten\/","title":{"rendered":"Verarbeitung personenbezogener Daten"},"content":{"rendered":"\n<h4 class=\"wp-block-heading\">I. Grundlegende Bestimmungen<\/h4>\n\n<ol class=\"wp-block-list\">\n<li>Der Verantwortliche f\u00fcr die Verarbeitung personenbezogener Daten gem\u00e4\u00df Artikel 4 Absatz 7 der Verordnung (EU) 2016\/679 des Europ\u00e4ischen Parlaments und des Rates zum Schutz nat\u00fcrlicher Personen bei der Verarbeitung personenbezogener Daten und zum freien Datenverkehr (im Folgenden: \u201eDSGVO\u201c) ist MKS Be\u010dov nad Teplou, z. s., I\u010cO<br\/>06682341, mit Sitz in Po\u0161tovn\u00ed 39, 364 64 Be\u010dov nad Teplou (im Folgenden: \u201eVerantwortlicher\u201c).<\/li>\n\n\n\n<li>Die Kontaktdaten des Verantwortlichen lauten:<br\/>Adresse: Po\u0161tovn\u00ed 39, 364 64 Be\u010dov nad Teplou<br\/>E-Mail: info@kovarskesympozium.cz<br\/>Telefon: +420 602 711 343<\/li>\n\n\n\n<li>Personenbezogene Daten sind alle Informationen \u00fcber eine identifizierte oder identifizierbare nat\u00fcrliche Person; Eine identifizierbare nat\u00fcrliche Person ist eine nat\u00fcrliche Person, die direkt oder indirekt identifiziert werden kann, insbesondere durch Bezugnahme auf einen bestimmten Identifikator wie einen Namen, eine Identifikationsnummer, Standortdaten, einen Netzwerkidentifikator oder auf ein oder mehrere besondere Merkmale der physischen, physiologischen, genetischen, psychischen, wirtschaftlichen, kulturellen oder sozialen Identit\u00e4t dieser nat\u00fcrlichen Person.<\/li>\n\n\n\n<li>Der Verantwortliche hat keinen Datenschutzbeauftragten benannt.<\/li>\n<\/ol>\n\n<h4 class=\"wp-block-heading\">II. Quellen und Kategorien der verarbeiteten personenbezogenen Daten<\/h4>\n\n<ol class=\"wp-block-list\">\n<li>Der Verantwortliche verarbeitet personenbezogene Daten, die Sie ihm zur Verf\u00fcgung gestellt haben, oder personenbezogene Daten, die der Verantwortliche aufgrund Ihrer Registrierung auf der Website kovarskesympozium.cz erhalten hat.<\/li>\n\n\n\n<li>Der Verantwortliche verarbeitet Ihre Identifikations- und Kontaktdaten sowie die f\u00fcr die Vertragserf\u00fcllung erforderlichen Daten.<\/li>\n<\/ol>\n\n<h4 class=\"wp-block-heading\">III. Rechtliche Grundlage und Zweck der Verarbeitung personenbezogener Daten<\/h4>\n\n<ol class=\"wp-block-list\">\n<li>Der rechtliche Grund f\u00fcr die Verarbeitung personenbezogener Daten ist\n<ul class=\"wp-block-list\">\n<li>Erf\u00fcllung des Vertrags zwischen Ihnen und dem Verantwortlichen gem\u00e4\u00df Art. 6 Abs. 1 Buchstabe b) DSGVO,<\/li>\n\n\n\n<li>Erf\u00fcllung der rechtlichen Verpflichtung des Verantwortlichen gem\u00e4\u00df Art. 6 Abs. 1 Buchstabe c) DSGVO,<\/li>\n\n\n\n<li>berechtigtes Interesse des Verantwortlichen an der Bereitstellung von Direktmarketing (insbesondere f\u00fcr den Versand von Werbemitteilungen und Newslettern) gem\u00e4\u00df Art. 6 Abs. 1 lit. f) DSGVO,<\/li>\n\n\n\n<li>Ihre Einwilligung zur Verarbeitung f\u00fcr Zwecke des Direktmarketings (insbesondere f\u00fcr den Versand von Werbemitteilungen und Newslettern) gem\u00e4\u00df Art. 6 Abs. 1 lit. a) DSGVO in Verbindung mit \u00a7 7 Abs. 2 des Gesetzes Nr. 480\/2004 Sb. \u00fcber bestimmte Dienste der Informationsgesellschaft, sofern keine Bestellung von Waren oder Dienstleistungen erfolgt ist.<\/li>\n<\/ul>\n<\/li>\n\n\n\n<li>Der Zweck der Verarbeitung personenbezogener Daten ist\n<ul class=\"wp-block-list\">\n<li>Bearbeitung Ihrer Bestellung und Aus\u00fcbung der Rechte und Pflichten, die sich aus dem Vertragsverh\u00e4ltnis zwischen Ihnen und dem Verantwortlichen ergeben; bei der Bestellung werden personenbezogene Daten verlangt, die f\u00fcr die erfolgreiche Bearbeitung der Bestellung erforderlich sind (Name und Adresse, Kontaktdaten); die Bereitstellung personenbezogener Daten ist eine notwendige Voraussetzung f\u00fcr den Abschluss und die Erf\u00fcllung des Vertrags; ohne die Bereitstellung personenbezogener Daten ist es nicht m\u00f6glich, den Vertrag abzuschlie\u00dfen oder seitens des Verantwortlichen zu erf\u00fcllen.<\/li>\n\n\n\n<li>Erf\u00fcllung der gesetzlichen Verpflichtungen gegen\u00fcber dem Staat,<\/li>\n\n\n\n<li>Versand von Werbemitteilungen und Durchf\u00fchrung weiterer Marketingaktivit\u00e4ten.<\/li>\n<\/ul>\n<\/li>\n\n\n\n<li>Seitens des Verantwortlichen erfolgt keine automatisierte Einzelentscheidung im Sinne von Art. 22 DSGVO.<\/li>\n<\/ol>\n\n<h4 class=\"wp-block-heading\">IV. Dauer der Datenspeicherung<\/h4>\n\n<ol class=\"wp-block-list\">\n<li>Der Verwalter speichert personenbezogene Daten\n<ul class=\"wp-block-list\">\n<li>f\u00fcr den Zeitraum, der f\u00fcr die Aus\u00fcbung der Rechte und Pflichten aus dem Vertragsverh\u00e4ltnis zwischen Ihnen und dem Verantwortlichen und die Geltendmachung von Anspr\u00fcchen aus diesen Vertragsverh\u00e4ltnissen erforderlich ist (f\u00fcr einen Zeitraum von 15 Jahren nach Beendigung des Vertragsverh\u00e4ltnisses).<\/li>\n\n\n\n<li>bis zum Widerruf der Einwilligung zur Verarbeitung personenbezogener Daten f\u00fcr Marketingzwecke, h\u00f6chstens jedoch 10 Jahre, wenn die personenbezogenen Daten auf der Grundlage einer Einwilligung verarbeitet werden.<\/li>\n<\/ul>\n<\/li>\n\n\n\n<li>Nach Ablauf der Aufbewahrungsfrist f\u00fcr personenbezogene Daten l\u00f6scht der Verantwortliche die personenbezogenen Daten.<\/li>\n<\/ol>\n\n<h4 class=\"wp-block-heading\">V. Empf\u00e4nger personenbezogener Daten (Subunternehmer des Verantwortlichen)<\/h4>\n\n<ol class=\"wp-block-list\">\n<li>Die Empf\u00e4nger personenbezogener Daten sind Personen\n<ul class=\"wp-block-list\">\n<li>beteiligt an der Lieferung von Waren \/ Dienstleistungen \/ der Durchf\u00fchrung von Zahlungen auf der Grundlage eines Vertrags,<\/li>\n\n\n\n<li>Dienstleistungen im Zusammenhang mit dem Betrieb der Website und weitere Dienstleistungen im Zusammenhang mit dem Betrieb der Website,<\/li>\n\n\n\n<li>die Marketingdienstleistungen erbringen.<\/li>\n<\/ul>\n<\/li>\n\n\n\n<li>Der Verantwortliche beabsichtigt, personenbezogene Daten an ein Drittland (ein Land au\u00dferhalb der EU) oder eine internationale Organisation zu \u00fcbermitteln. Empf\u00e4nger personenbezogener Daten in Drittl\u00e4ndern sind Anbieter von Mailing-\/Cloud-Diensten.<\/li>\n<\/ol>\n\n<h4 class=\"wp-block-heading\">VI. Ihre Rechte<\/h4>\n\n<ol class=\"wp-block-list\">\n<li>Unter den in der DSGVO festgelegten Bedingungen haben Sie\n<ul class=\"wp-block-list\">\n<li>Recht auf Zugang zu Ihren personenbezogenen Daten gem\u00e4\u00df Art. 15 DSGVO,<\/li>\n\n\n\n<li>das Recht auf Berichtigung personenbezogener Daten gem\u00e4\u00df Art. 16 DSGVO bzw. auf Einschr\u00e4nkung der Verarbeitung gem\u00e4\u00df Art. 18 DSGVO.<\/li>\n\n\n\n<li>Recht auf L\u00f6schung personenbezogener Daten gem\u00e4\u00df Art. 17 DSGVO.<\/li>\n\n\n\n<li>das Recht, gem\u00e4\u00df Art. 21 DSGVO Widerspruch gegen die Verarbeitung einzulegen, und<\/li>\n\n\n\n<li>Recht auf Daten\u00fcbertragbarkeit gem\u00e4\u00df Art. 20 DSGVO.<\/li>\n\n\n\n<li>das Recht, die Einwilligung zur Verarbeitung schriftlich oder elektronisch an die in Artikel I dieser Bedingungen angegebene Adresse oder E-Mail-Adresse des Verantwortlichen zu widerrufen.<\/li>\n<\/ul>\n<\/li>\n\n\n\n<li>Dar\u00fcber hinaus haben Sie das Recht, eine Beschwerde bei der Datenschutzbeh\u00f6rde einzureichen, wenn Sie der Meinung sind, dass Ihr Recht auf Datenschutz verletzt wurde.<\/li>\n<\/ol>\n\n<h4 class=\"wp-block-heading\">VII. Bedingungen f\u00fcr den Schutz personenbezogener Daten<\/h4>\n\n<ol class=\"wp-block-list\">\n<li>Der Administrator erkl\u00e4rt, dass er alle geeigneten technischen und organisatorischen Ma\u00dfnahmen zum Schutz personenbezogener Daten getroffen hat.<\/li>\n\n\n\n<li>Der Administrator hat technische Ma\u00dfnahmen zum Schutz der Datenspeicher und Speicherorte personenbezogener Daten getroffen, insbesondere durch die Sicherung der Speicherorte mit Antivirenprogrammen, entsprechenden Passw\u00f6rtern und einer zweistufigen Authentifizierung.<\/li>\n\n\n\n<li>Der Verwalter erkl\u00e4rt, dass nur von ihm beauftragte Personen Zugang zu personenbezogenen Daten haben.<\/li>\n<\/ol>\n\n<h4 class=\"wp-block-heading\">VIII. Schlussbestimmungen<\/h4>\n\n<ol class=\"wp-block-list\">\n<li>Mit dem Absenden der Bestellung \u00fcber das Online-Bestellformular best\u00e4tigen Sie, dass Sie die Datenschutzbestimmungen gelesen haben und diese vollst\u00e4ndig akzeptieren.<\/li>\n\n\n\n<li>Sie stimmen diesen Bedingungen zu, indem Sie das Online-Formular ausf\u00fcllen. Mit dem Ausf\u00fcllen des Formulars best\u00e4tigen Sie, dass Sie mit den Datenschutzbedingungen vertraut sind und diese vollst\u00e4ndig akzeptieren.<\/li>\n\n\n\n<li>Der Administrator ist berechtigt, diese Bedingungen zu \u00e4ndern. Die neue Version der Datenschutzbedingungen wird auf seiner Website ver\u00f6ffentlicht und gleichzeitig wird Ihnen die neue Version dieser Bedingungen an die E-Mail-Adresse gesendet, die Sie dem Administrator zur Verf\u00fcgung gestellt haben.<\/li>\n<\/ol>\n","protected":false},"excerpt":{"rendered":"<p>I. Grundlegende Bestimmungen II. Quellen und Kategorien der verarbeiteten personenbezogenen Daten III. Rechtliche Grundlage und Zweck der Verarbeitung personenbezogener Daten IV. Dauer der Datenspeicherung V. Empf\u00e4nger personenbezogener Daten (Subunternehmer des Verantwortlichen) VI. Ihre Rechte VII. Bedingungen f\u00fcr den Schutz personenbezogener Daten VIII. Schlussbestimmungen<\/p>\n","protected":false},"author":1,"featured_media":0,"parent":0,"menu_order":0,"comment_status":"closed","ping_status":"open","template":"","meta":{"site-sidebar-layout":"default","site-content-layout":"","ast-site-content-layout":"default","site-content-style":"default","site-sidebar-style":"default","ast-global-header-display":"","ast-banner-title-visibility":"","ast-main-header-display":"","ast-hfb-above-header-display":"","ast-hfb-below-header-display":"","ast-hfb-mobile-header-display":"","site-post-title":"","ast-breadcrumbs-content":"","ast-featured-img":"","footer-sml-layout":"","ast-disable-related-posts":"","theme-transparent-header-meta":"","adv-header-id-meta":"","stick-header-meta":"","header-above-stick-meta":"","header-main-stick-meta":"","header-below-stick-meta":"","astra-migrate-meta-layouts":"default","ast-page-background-enabled":"default","ast-page-background-meta":{"desktop":{"background-color":"","background-image":"","background-repeat":"repeat","background-position":"center center","background-size":"auto","background-attachment":"scroll","background-type":"","background-media":"","overlay-type":"","overlay-color":"","overlay-opacity":"","overlay-gradient":""},"tablet":{"background-color":"","background-image":"","background-repeat":"repeat","background-position":"center center","background-size":"auto","background-attachment":"scroll","background-type":"","background-media":"","overlay-type":"","overlay-color":"","overlay-opacity":"","overlay-gradient":""},"mobile":{"background-color":"","background-image":"","background-repeat":"repeat","background-position":"center center","background-size":"auto","background-attachment":"scroll","background-type":"","background-media":"","overlay-type":"","overlay-color":"","overlay-opacity":"","overlay-gradient":""}},"ast-content-background-meta":{"desktop":{"background-color":"var(--ast-global-color-5)","background-image":"","background-repeat":"repeat","background-position":"center center","background-size":"auto","background-attachment":"scroll","background-type":"","background-media":"","overlay-type":"","overlay-color":"","overlay-opacity":"","overlay-gradient":""},"tablet":{"background-color":"var(--ast-global-color-5)","background-image":"","background-repeat":"repeat","background-position":"center center","background-size":"auto","background-attachment":"scroll","background-type":"","background-media":"","overlay-type":"","overlay-color":"","overlay-opacity":"","overlay-gradient":""},"mobile":{"background-color":"var(--ast-global-color-5)","background-image":"","background-repeat":"repeat","background-position":"center center","background-size":"auto","background-attachment":"scroll","background-type":"","background-media":"","overlay-type":"","overlay-color":"","overlay-opacity":"","overlay-gradient":""}},"footnotes":""},"class_list":["post-1829","page","type-page","status-publish","hentry"],"_links":{"self":[{"href":"https:\/\/kovarskesympozium.cz\/de\/wp-json\/wp\/v2\/pages\/1829","targetHints":{"allow":["GET"]}}],"collection":[{"href":"https:\/\/kovarskesympozium.cz\/de\/wp-json\/wp\/v2\/pages"}],"about":[{"href":"https:\/\/kovarskesympozium.cz\/de\/wp-json\/wp\/v2\/types\/page"}],"author":[{"embeddable":true,"href":"https:\/\/kovarskesympozium.cz\/de\/wp-json\/wp\/v2\/users\/1"}],"replies":[{"embeddable":true,"href":"https:\/\/kovarskesympozium.cz\/de\/wp-json\/wp\/v2\/comments?post=1829"}],"version-history":[{"count":1,"href":"https:\/\/kovarskesympozium.cz\/de\/wp-json\/wp\/v2\/pages\/1829\/revisions"}],"predecessor-version":[{"id":1830,"href":"https:\/\/kovarskesympozium.cz\/de\/wp-json\/wp\/v2\/pages\/1829\/revisions\/1830"}],"wp:attachment":[{"href":"https:\/\/kovarskesympozium.cz\/de\/wp-json\/wp\/v2\/media?parent=1829"}],"curies":[{"name":"wp","href":"https:\/\/api.w.org\/{rel}","templated":true}]}}